{"id":4086,"date":"2023-02-08T11:32:51","date_gmt":"2023-02-08T10:32:51","guid":{"rendered":"https:\/\/www.tracdelight.io\/impressum-2\/"},"modified":"2025-09-04T11:44:43","modified_gmt":"2025-09-04T09:44:43","slug":"impressum","status":"publish","type":"page","link":"https:\/\/www.tracdelight.io\/en\/imprint\/","title":{"rendered":"Imprint"},"content":{"rendered":"<div data-elementor-type=\"wp-page\" data-elementor-id=\"4086\" class=\"elementor elementor-4086\" data-elementor-post-type=\"page\">\n\t\t\t\t\t\t<section class=\"elementor-section elementor-top-section elementor-element elementor-element-a18807f elementor-section-boxed elementor-section-height-default elementor-section-height-default\" data-id=\"a18807f\" data-element_type=\"section\" data-e-type=\"section\">\n\t\t\t\t\t\t<div class=\"elementor-container elementor-column-gap-wide\">\n\t\t\t\t\t<div class=\"elementor-column elementor-col-100 elementor-top-column elementor-element elementor-element-2b9932de\" data-id=\"2b9932de\" data-element_type=\"column\" data-e-type=\"column\">\n\t\t\t<div class=\"elementor-widget-wrap elementor-element-populated\">\n\t\t\t\t\t\t<div class=\"elementor-element elementor-element-19233cde elementor-widget elementor-widget-heading\" data-id=\"19233cde\" data-element_type=\"widget\" data-e-type=\"widget\" data-widget_type=\"heading.default\">\n\t\t\t\t<div class=\"elementor-widget-container\">\n\t\t\t\t\t<h1 class=\"elementor-heading-title elementor-size-default\">Imprint<\/h1>\t\t\t\t<\/div>\n\t\t\t\t<\/div>\n\t\t\t\t<section class=\"elementor-section elementor-inner-section elementor-element elementor-element-72b5cef8 elementor-section-boxed elementor-section-height-default elementor-section-height-default\" data-id=\"72b5cef8\" data-element_type=\"section\" data-e-type=\"section\">\n\t\t\t\t\t\t<div class=\"elementor-container elementor-column-gap-default\">\n\t\t\t\t\t<div class=\"elementor-column elementor-col-50 elementor-inner-column elementor-element elementor-element-2779e2cf\" data-id=\"2779e2cf\" data-element_type=\"column\" data-e-type=\"column\">\n\t\t\t<div class=\"elementor-widget-wrap elementor-element-populated\">\n\t\t\t\t\t\t<div class=\"elementor-element elementor-element-1ac4351f elementor-widget elementor-widget-heading\" data-id=\"1ac4351f\" data-element_type=\"widget\" data-e-type=\"widget\" data-widget_type=\"heading.default\">\n\t\t\t\t<div class=\"elementor-widget-container\">\n\t\t\t\t\t<h2 class=\"elementor-heading-title elementor-size-default\">The service provider of tracdelight is<\/h2>\t\t\t\t<\/div>\n\t\t\t\t<\/div>\n\t\t\t\t<div class=\"elementor-element elementor-element-4905e0bf elementor-widget elementor-widget-text-editor\" data-id=\"4905e0bf\" data-element_type=\"widget\" data-e-type=\"widget\" data-widget_type=\"text-editor.default\">\n\t\t\t\t<div class=\"elementor-widget-container\">\n\t\t\t\t\t\t\t\t\t<p>tracdelight GmbH<br \/>Arabellastr. 23<br \/>81925 Munich <br \/>Germany<br \/>Mail: publisher-support@tracdelight.com<\/p><p>Phone: 089 9250 0<\/p><p>Munich Local Court<br \/>HRB 219591<br \/>VAT ID No.: DE814842587<\/p>\t\t\t\t\t\t\t\t<\/div>\n\t\t\t\t<\/div>\n\t\t\t\t\t<\/div>\n\t\t<\/div>\n\t\t\t\t<div class=\"elementor-column elementor-col-50 elementor-inner-column elementor-element elementor-element-1ffcb61b\" data-id=\"1ffcb61b\" data-element_type=\"column\" data-e-type=\"column\">\n\t\t\t<div class=\"elementor-widget-wrap elementor-element-populated\">\n\t\t\t\t\t\t<div class=\"elementor-element elementor-element-66fe524c elementor-widget elementor-widget-heading\" data-id=\"66fe524c\" data-element_type=\"widget\" data-e-type=\"widget\" data-widget_type=\"heading.default\">\n\t\t\t\t<div class=\"elementor-widget-container\">\n\t\t\t\t\t<h2 class=\"elementor-heading-title elementor-size-default\">Management<\/h2>\t\t\t\t<\/div>\n\t\t\t\t<\/div>\n\t\t\t\t<div class=\"elementor-element elementor-element-10b5040b elementor-widget elementor-widget-text-editor\" data-id=\"10b5040b\" data-element_type=\"widget\" data-e-type=\"widget\" data-widget_type=\"text-editor.default\">\n\t\t\t\t<div class=\"elementor-widget-container\">\n\t\t\t\t\t\t\t\t\t<p>Elfi Langefeld<\/p>\t\t\t\t\t\t\t\t<\/div>\n\t\t\t\t<\/div>\n\t\t\t\t<div class=\"elementor-element elementor-element-6f700687 elementor-widget elementor-widget-text-editor\" data-id=\"6f700687\" data-element_type=\"widget\" data-e-type=\"widget\" data-widget_type=\"text-editor.default\">\n\t\t\t\t<div class=\"elementor-widget-container\">\n\t\t\t\t\t\t\t\t\t<p>Responsible within the meaning of \u00a7 18 para. 2 Media State Treaty<br \/>Elfi Langefeld<br \/>Arabellastr. 27<br \/>81925 Munich<\/p>\t\t\t\t\t\t\t\t<\/div>\n\t\t\t\t<\/div>\n\t\t\t\t\t<\/div>\n\t\t<\/div>\n\t\t\t\t\t<\/div>\n\t\t<\/section>\n\t\t\t\t<div class=\"elementor-element elementor-element-101a292d elementor-widget elementor-widget-heading\" data-id=\"101a292d\" data-element_type=\"widget\" data-e-type=\"widget\" data-widget_type=\"heading.default\">\n\t\t\t\t<div class=\"elementor-widget-container\">\n\t\t\t\t\t<h2 class=\"elementor-heading-title elementor-size-default\">Questions about data protection, information and the possibility to object to your data processing\n<\/h2>\t\t\t\t<\/div>\n\t\t\t\t<\/div>\n\t\t\t\t<div class=\"elementor-element elementor-element-4c8db274 elementor-widget elementor-widget-text-editor\" data-id=\"4c8db274\" data-element_type=\"widget\" data-e-type=\"widget\" data-widget_type=\"text-editor.default\">\n\t\t\t\t<div class=\"elementor-widget-container\">\n\t\t\t\t\t\t\t\t\t<p><span data-contrast=\"auto\">Please let us know your request via the_<\/span><a href=\"https:\/\/www.tracdelight.io\/en\/privacy-request-form\/\"><span data-contrast=\"none\">Data protection request form<\/span><\/a><span data-contrast=\"auto\">_or alternatively write us an email to_<\/span><a href=\"mailto:tracdelight@datenschutzanfrage.de\"><span data-contrast=\"none\">tracdelight@datenschutzanfrage.de<\/span><\/a><span data-contrast=\"auto\">.<\/span><span data-ccp-props=\"{&quot;335559739&quot;:225}\">\u00a0<\/span><\/p><p><span data-contrast=\"auto\">tracdelight GmbH is neither willing nor obliged to participate in dispute resolution proceedings before a consumer arbitration board (\u00a7 36 VSBG).<\/span><span data-ccp-props=\"{&quot;335559739&quot;:225}\">\u00a0<\/span><\/p>\t\t\t\t\t\t\t\t<\/div>\n\t\t\t\t<\/div>\n\t\t\t\t<div class=\"elementor-element elementor-element-76ccd9a8 elementor-widget elementor-widget-heading\" data-id=\"76ccd9a8\" data-element_type=\"widget\" data-e-type=\"widget\" data-widget_type=\"heading.default\">\n\t\t\t\t<div class=\"elementor-widget-container\">\n\t\t\t\t\t<h2 class=\"elementor-heading-title elementor-size-default\">Liability notice\n<\/h2>\t\t\t\t<\/div>\n\t\t\t\t<\/div>\n\t\t\t\t<div class=\"elementor-element elementor-element-7ff470d3 elementor-widget elementor-widget-text-editor\" data-id=\"7ff470d3\" data-element_type=\"widget\" data-e-type=\"widget\" data-widget_type=\"text-editor.default\">\n\t\t\t\t<div class=\"elementor-widget-container\">\n\t\t\t\t\t\t\t\t\t<p><span data-contrast=\"auto\">Despite careful control of the content, we assume no liability for the content of external links. The operators of the linked pages are solely responsible for their content.<\/span><span data-ccp-props=\"{&quot;335559739&quot;:225}\">\u00a0<\/span><\/p>\t\t\t\t\t\t\t\t<\/div>\n\t\t\t\t<\/div>\n\t\t\t\t<div class=\"elementor-element elementor-element-72f5f3fe elementor-hidden-desktop elementor-hidden-tablet elementor-hidden-mobile elementor-widget elementor-widget-heading\" data-id=\"72f5f3fe\" data-element_type=\"widget\" data-e-type=\"widget\" data-widget_type=\"heading.default\">\n\t\t\t\t<div class=\"elementor-widget-container\">\n\t\t\t\t\t<h2 class=\"elementor-heading-title elementor-size-default\">Sources for the images and graphics used\n<\/h2>\t\t\t\t<\/div>\n\t\t\t\t<\/div>\n\t\t\t\t<section class=\"elementor-section elementor-inner-section elementor-element elementor-element-201e4a42 elementor-section-boxed elementor-section-height-default elementor-section-height-default\" data-id=\"201e4a42\" data-element_type=\"section\" data-e-type=\"section\">\n\t\t\t\t\t\t<div class=\"elementor-container elementor-column-gap-default\">\n\t\t\t\t\t<div class=\"elementor-column elementor-col-50 elementor-inner-column elementor-element elementor-element-2ad36246\" data-id=\"2ad36246\" data-element_type=\"column\" data-e-type=\"column\">\n\t\t\t<div class=\"elementor-widget-wrap elementor-element-populated\">\n\t\t\t\t\t\t\t<\/div>\n\t\t<\/div>\n\t\t\t\t<div class=\"elementor-column elementor-col-50 elementor-inner-column elementor-element elementor-element-444e3181\" data-id=\"444e3181\" data-element_type=\"column\" data-e-type=\"column\">\n\t\t\t<div class=\"elementor-widget-wrap elementor-element-populated\">\n\t\t\t\t\t\t<div class=\"elementor-element elementor-element-58e58f61 elementor-widget elementor-widget-text-editor\" data-id=\"58e58f61\" data-element_type=\"widget\" data-e-type=\"widget\" data-widget_type=\"text-editor.default\">\n\t\t\t\t<div class=\"elementor-widget-container\">\n\t\t\t\t\t\t\t\t\t<p>\u00a0<\/p><p>The imprint also applies to our online presence on:<br \/><a href=\"https:\/\/www.instagram.com\/tracdelight\/?hl=de\">Instagram\u00a0<\/a><br \/><a href=\"https:\/\/de-de.facebook.com\/tracdelight\/\">Facebook<\/a><\/p>\t\t\t\t\t\t\t\t<\/div>\n\t\t\t\t<\/div>\n\t\t\t\t<div class=\"elementor-element elementor-element-ab2bb3a elementor-hidden-desktop elementor-hidden-tablet elementor-hidden-mobile elementor-widget elementor-widget-html\" data-id=\"ab2bb3a\" data-element_type=\"widget\" data-e-type=\"widget\" data-widget_type=\"html.default\">\n\t\t\t\t<div class=\"elementor-widget-container\">\n\t\t\t\t\t<script>\r\n\r\n\/\/ hide the privacy manager when no consent state is required\r\nwindow.addEventListener('load', () => {\r\n  __tcfapi('addEventListener', 2, () => {\r\n    __tcfapi('toggleConsentTool', 2, () => {}, false)\r\n    __tcfapi('removeEventListener', 2, () => {}, 'consentManagerDisplayed')\r\n  }),\r\n    'consentManagerDisplayed'\r\n})\r\n\r\n<\/script>\t\t\t\t<\/div>\n\t\t\t\t<\/div>\n\t\t\t\t\t<\/div>\n\t\t<\/div>\n\t\t\t\t\t<\/div>\n\t\t<\/section>\n\t\t\t\t\t<\/div>\n\t\t<\/div>\n\t\t\t\t\t<\/div>\n\t\t<\/section>\n\t\t\t\t<\/div>","protected":false},"excerpt":{"rendered":"<p>Impressum Diensteanbieter von tracdelight ist die tracdelight GmbHArabellastr. 2381925 M\u00fcnchen DeutschlandMail: publisher-support@tracdelight.com Telefon: 089 9250 0 Amtsgericht M\u00fcnchenHRB 219591USt-IdNr.: DE814842587 Gesch\u00e4ftsf\u00fchrung Elfi Langefeld Verantwortlich i.S.d. \u00a7 18 Abs. 2 MedienstaatsvertragElfi LangefeldArabellastr. 2781925 M\u00fcnchen Fragen zum Datenschutz, Auskunft und Widerspruchsm\u00f6glichkeit gegen Ihre Datenverarbeitung Bitte teilen Sie uns Ihr Anliegen \u00fcber das\u202fDatenschutzanfrage-Formular\u202fmit oder schreiben uns alternativ eine [&hellip;]<\/p>\n","protected":false},"author":7,"featured_media":0,"parent":0,"menu_order":0,"comment_status":"closed","ping_status":"closed","template":"","meta":{"footnotes":""},"class_list":["post-4086","page","type-page","status-publish","hentry"],"_links":{"self":[{"href":"https:\/\/www.tracdelight.io\/en\/wp-json\/wp\/v2\/pages\/4086","targetHints":{"allow":["GET"]}}],"collection":[{"href":"https:\/\/www.tracdelight.io\/en\/wp-json\/wp\/v2\/pages"}],"about":[{"href":"https:\/\/www.tracdelight.io\/en\/wp-json\/wp\/v2\/types\/page"}],"author":[{"embeddable":true,"href":"https:\/\/www.tracdelight.io\/en\/wp-json\/wp\/v2\/users\/7"}],"replies":[{"embeddable":true,"href":"https:\/\/www.tracdelight.io\/en\/wp-json\/wp\/v2\/comments?post=4086"}],"version-history":[{"count":24,"href":"https:\/\/www.tracdelight.io\/en\/wp-json\/wp\/v2\/pages\/4086\/revisions"}],"predecessor-version":[{"id":5089,"href":"https:\/\/www.tracdelight.io\/en\/wp-json\/wp\/v2\/pages\/4086\/revisions\/5089"}],"wp:attachment":[{"href":"https:\/\/www.tracdelight.io\/en\/wp-json\/wp\/v2\/media?parent=4086"}],"curies":[{"name":"wp","href":"https:\/\/api.w.org\/{rel}","templated":true}]}}